{"id":3015,"date":"2026-04-23T13:08:51","date_gmt":"2026-04-23T16:08:51","guid":{"rendered":"https:\/\/privacidadegarantida.com.br\/site\/?page_id=3015"},"modified":"2026-04-23T13:09:28","modified_gmt":"2026-04-23T16:09:28","slug":"doc-forte-17889978folog","status":"publish","type":"page","link":"https:\/\/privacidadegarantida.com.br\/site\/doc-forte-17889978folog\/","title":{"rendered":"Doc \u2013 Forte Metal Log\u00edstica \u2013 DECLARA\u00c7\u00c3O"},"content":{"rendered":"\t\t<div data-elementor-type=\"wp-page\" data-elementor-id=\"3015\" class=\"elementor elementor-3015\" data-elementor-post-type=\"page\">\n\t\t\t\t\t\t<section class=\"elementor-section elementor-top-section elementor-element elementor-element-a939f13 elementor-section-boxed elementor-section-height-default elementor-section-height-default\" data-id=\"a939f13\" data-element_type=\"section\" data-e-type=\"section\" data-settings=\"{&quot;background_motion_fx_translateY_effect&quot;:&quot;yes&quot;,&quot;background_background&quot;:&quot;slideshow&quot;,&quot;background_slideshow_gallery&quot;:[],&quot;background_slideshow_loop&quot;:&quot;yes&quot;,&quot;background_slideshow_slide_duration&quot;:5000,&quot;background_slideshow_slide_transition&quot;:&quot;fade&quot;,&quot;background_slideshow_transition_duration&quot;:500,&quot;background_motion_fx_translateY_speed&quot;:{&quot;unit&quot;:&quot;px&quot;,&quot;size&quot;:4,&quot;sizes&quot;:[]},&quot;background_motion_fx_translateY_affectedRange&quot;:{&quot;unit&quot;:&quot;%&quot;,&quot;size&quot;:&quot;&quot;,&quot;sizes&quot;:{&quot;start&quot;:0,&quot;end&quot;:100}},&quot;background_motion_fx_devices&quot;:[&quot;desktop&quot;,&quot;laptop&quot;,&quot;tablet&quot;,&quot;mobile&quot;]}\">\n\t\t\t\t\t\t<div class=\"elementor-container elementor-column-gap-default\">\n\t\t\t\t\t<header class=\"elementor-column elementor-col-100 elementor-top-column elementor-element elementor-element-d6447e9\" data-id=\"d6447e9\" data-element_type=\"column\" data-e-type=\"column\">\n\t\t\t<div class=\"elementor-widget-wrap elementor-element-populated\">\n\t\t\t\t\t\t<div class=\"elementor-element elementor-element-88ea7dc elementor-widget elementor-widget-image\" data-id=\"88ea7dc\" data-element_type=\"widget\" data-e-type=\"widget\" data-widget_type=\"image.default\">\n\t\t\t\t<div class=\"elementor-widget-container\">\n\t\t\t\t\t\t\t\t\t\t\t\t\t\t\t<img decoding=\"async\" src=\"https:\/\/privacidadegarantida.com.br\/site\/wp-content\/uploads\/elementor\/thumbs\/image140-pqgcbd8u4tox2inedsknflv8n3t5a63mlsb1wu1tww-r1avn9r3gi4k10hie3baxg3vqmuxirs1yfws0x5f66.png\" title=\"image140-pqgcbd8u4tox2inedsknflv8n3t5a63mlsb1wu1tww\" alt=\"image140-pqgcbd8u4tox2inedsknflv8n3t5a63mlsb1wu1tww\" loading=\"lazy\" \/>\t\t\t\t\t\t\t\t\t\t\t\t\t\t\t<\/div>\n\t\t\t\t<\/div>\n\t\t\t\t<div class=\"elementor-element elementor-element-f647e2e elementor-widget elementor-widget-text-editor\" data-id=\"f647e2e\" data-element_type=\"widget\" data-e-type=\"widget\" data-widget_type=\"text-editor.default\">\n\t\t\t\t<div class=\"elementor-widget-container\">\n\t\t\t\t\t\t\t\t\t<p style=\"text-align: center;\"><b style=\"font-size: 24px; letter-spacing: -0.36px; text-align: left;\"><b><span class=\"NormalTextRun SCXW51839965 BCX9\"><span class=\"TextRun SCXW199997567 BCX8\" lang=\"PT-BR\" xml:lang=\"PT-BR\" data-contrast=\"auto\"><span class=\"NormalTextRun SCXW199997567 BCX8\">FORTE LOG\u00cdSTICA E TRANSPORTES ESPECIAIS LTDA<\/span><\/span><\/span><\/b><\/b><\/p><p style=\"text-align: center;\"><span style=\"text-align: left; letter-spacing: -0.36px; font-size: 24px;\">Declara\u00e7\u00e3o<\/span><\/p>\t\t\t\t\t\t\t\t<\/div>\n\t\t\t\t<\/div>\n\t\t\t\t<div class=\"elementor-element elementor-element-fb5ada7 elementor-widget elementor-widget-text-editor\" data-id=\"fb5ada7\" data-element_type=\"widget\" data-e-type=\"widget\" data-widget_type=\"text-editor.default\">\n\t\t\t\t<div class=\"elementor-widget-container\">\n\t\t\t\t\t\t\t\t\t<p style=\"text-align: center;\"><span style=\"font-size: 20px; letter-spacing: -0.3px;\">DPO Oficial \u00e9 um dos servi\u00e7os e uma marca do Grupo Vetaluti.<\/span><\/p><p style=\"text-align: center;\"><span style=\"font-size: 20px; letter-spacing: -0.3px;\">Privacidade Garantida \u00e9 um dos servi\u00e7os e uma marca do Grupo Vetaluti. Conhe\u00e7a nossos servi\u00e7os em LGPD: www.privacidadegarantida.com.br <\/span><\/p><p style=\"text-align: center;\"><span style=\"font-size: 20px; letter-spacing: -0.3px;\">Este \u00e9 um link de autentica\u00e7\u00e3o do documento enviado.<\/span><\/p>\t\t\t\t\t\t\t\t<\/div>\n\t\t\t\t<\/div>\n\t\t\t\t<div class=\"elementor-element elementor-element-9dc5639 elementor-widget elementor-widget-text-editor\" data-id=\"9dc5639\" data-element_type=\"widget\" data-e-type=\"widget\" data-widget_type=\"text-editor.default\">\n\t\t\t\t<div class=\"elementor-widget-container\">\n\t\t\t\t\t\t\t\t\t<p style=\"font-size: 24px; text-align: center; letter-spacing: -0.015em;\"><span style=\"letter-spacing: -0.015em;\">E-mail de contato:\u00a0<\/span><\/p><p style=\"font-size: 24px; text-align: center; letter-spacing: -0.015em;\"><b style=\"letter-spacing: -0.015em;\">atendimento@privacidadegarantida.com.br\u00a0<\/b><\/p>\t\t\t\t\t\t\t\t<\/div>\n\t\t\t\t<\/div>\n\t\t\t\t\t<\/div>\n\t\t<\/header>\n\t\t\t\t\t<\/div>\n\t\t<\/section>\n\t\t\t\t<\/div>\n\t\t","protected":false},"excerpt":{"rendered":"<p>FORTE LOG\u00cdSTICA E TRANSPORTES ESPECIAIS LTDA Declara\u00e7\u00e3o DPO Oficial \u00e9 um dos servi\u00e7os e uma marca do Grupo Vetaluti. Privacidade [&hellip;]<\/p>\n","protected":false},"author":2,"featured_media":0,"parent":0,"menu_order":0,"comment_status":"closed","ping_status":"closed","template":"elementor_canvas","meta":{"site-sidebar-layout":"default","site-content-layout":"","ast-site-content-layout":"default","site-content-style":"default","site-sidebar-style":"default","ast-global-header-display":"","ast-banner-title-visibility":"","ast-main-header-display":"","ast-hfb-above-header-display":"","ast-hfb-below-header-display":"","ast-hfb-mobile-header-display":"","site-post-title":"disabled","ast-breadcrumbs-content":"","ast-featured-img":"","footer-sml-layout":"","ast-disable-related-posts":"","theme-transparent-header-meta":"","adv-header-id-meta":"","stick-header-meta":"","header-above-stick-meta":"","header-main-stick-meta":"","header-below-stick-meta":"","astra-migrate-meta-layouts":"default","ast-page-background-enabled":"default","ast-page-background-meta":{"desktop":{"background-color":"var(--ast-global-color-4)","background-image":"","background-repeat":"repeat","background-position":"center center","background-size":"auto","background-attachment":"scroll","background-type":"","background-media":"","overlay-type":"","overlay-color":"","overlay-opacity":"","overlay-gradient":""},"tablet":{"background-color":"","background-image":"","background-repeat":"repeat","background-position":"center center","background-size":"auto","background-attachment":"scroll","background-type":"","background-media":"","overlay-type":"","overlay-color":"","overlay-opacity":"","overlay-gradient":""},"mobile":{"background-color":"","background-image":"","background-repeat":"repeat","background-position":"center center","background-size":"auto","background-attachment":"scroll","background-type":"","background-media":"","overlay-type":"","overlay-color":"","overlay-opacity":"","overlay-gradient":""}},"ast-content-background-meta":{"desktop":{"background-color":"var(--ast-global-color-5)","background-image":"","background-repeat":"repeat","background-position":"center center","background-size":"auto","background-attachment":"scroll","background-type":"","background-media":"","overlay-type":"","overlay-color":"","overlay-opacity":"","overlay-gradient":""},"tablet":{"background-color":"var(--ast-global-color-5)","background-image":"","background-repeat":"repeat","background-position":"center center","background-size":"auto","background-attachment":"scroll","background-type":"","background-media":"","overlay-type":"","overlay-color":"","overlay-opacity":"","overlay-gradient":""},"mobile":{"background-color":"var(--ast-global-color-5)","background-image":"","background-repeat":"repeat","background-position":"center center","background-size":"auto","background-attachment":"scroll","background-type":"","background-media":"","overlay-type":"","overlay-color":"","overlay-opacity":"","overlay-gradient":""}},"footnotes":""},"class_list":["post-3015","page","type-page","status-publish","hentry"],"yoast_head":"<!-- This site is optimized with the Yoast SEO plugin v27.4 - https:\/\/yoast.com\/product\/yoast-seo-wordpress\/ -->\n<title>Privacidade Garantida - Prote\u00e7\u00e3o de Dados em conformidade com a LGPD<\/title>\n<meta name=\"description\" content=\"Privacidade e Prote\u00e7\u00e3o de Dados para sua empresa e seus clientes em conformidade com a LGPD e a ANPD aumentando assim a credibilidade da sua empresa.\" \/>\n<meta name=\"robots\" content=\"index, follow, max-snippet:-1, max-image-preview:large, max-video-preview:-1\" \/>\n<link rel=\"canonical\" href=\"https:\/\/privacidadegarantida.com.br\/site\/doc-forte-17889978folog\/\" \/>\n<meta property=\"og:locale\" content=\"pt_BR\" \/>\n<meta property=\"og:type\" content=\"article\" \/>\n<meta property=\"og:title\" content=\"Privacidade Garantida - Prote\u00e7\u00e3o de Dados em conformidade com a LGPD\" \/>\n<meta property=\"og:description\" content=\"Privacidade e Prote\u00e7\u00e3o de Dados para sua empresa e seus clientes em conformidade com a LGPD e a ANPD aumentando assim a credibilidade da sua empresa.\" \/>\n<meta property=\"og:url\" content=\"https:\/\/privacidadegarantida.com.br\/site\/doc-forte-17889978folog\/\" \/>\n<meta property=\"og:site_name\" content=\"Privacidade Garantida\" \/>\n<meta property=\"article:modified_time\" content=\"2026-04-23T16:09:28+00:00\" \/>\n<meta name=\"twitter:card\" content=\"summary_large_image\" \/>\n<meta name=\"twitter:image\" content=\"https:\/\/privacidadegarantida.com.br\/site\/wp-content\/uploads\/2020\/01\/neve-web-design-bg-11.jpg\" \/>\n<meta name=\"twitter:label1\" content=\"Est. tempo de leitura\" \/>\n\t<meta name=\"twitter:data1\" content=\"1 minuto\" \/>\n<script type=\"application\/ld+json\" class=\"yoast-schema-graph\">{\"@context\":\"https:\\\/\\\/schema.org\",\"@graph\":[{\"@type\":\"WebPage\",\"@id\":\"https:\\\/\\\/privacidadegarantida.com.br\\\/site\\\/doc-forte-17889978folog\\\/\",\"url\":\"https:\\\/\\\/privacidadegarantida.com.br\\\/site\\\/doc-forte-17889978folog\\\/\",\"name\":\"Privacidade Garantida - Prote\u00e7\u00e3o de Dados em conformidade com a LGPD\",\"isPartOf\":{\"@id\":\"https:\\\/\\\/privacidadegarantida.com.br\\\/site\\\/#website\"},\"primaryImageOfPage\":{\"@id\":\"https:\\\/\\\/privacidadegarantida.com.br\\\/site\\\/doc-forte-17889978folog\\\/#primaryimage\"},\"image\":{\"@id\":\"https:\\\/\\\/privacidadegarantida.com.br\\\/site\\\/doc-forte-17889978folog\\\/#primaryimage\"},\"thumbnailUrl\":\"https:\\\/\\\/privacidadegarantida.com.br\\\/site\\\/wp-content\\\/uploads\\\/elementor\\\/thumbs\\\/image140-pqgcbd8u4tox2inedsknflv8n3t5a63mlsb1wu1tww-r1avn9r3gi4k10hie3baxg3vqmuxirs1yfws0x5f66.png\",\"datePublished\":\"2026-04-23T16:08:51+00:00\",\"dateModified\":\"2026-04-23T16:09:28+00:00\",\"description\":\"Privacidade e Prote\u00e7\u00e3o de Dados para sua empresa e seus clientes em conformidade com a LGPD e a ANPD aumentando assim a credibilidade da sua empresa.\",\"breadcrumb\":{\"@id\":\"https:\\\/\\\/privacidadegarantida.com.br\\\/site\\\/doc-forte-17889978folog\\\/#breadcrumb\"},\"inLanguage\":\"pt-BR\",\"potentialAction\":[{\"@type\":\"ReadAction\",\"target\":[\"https:\\\/\\\/privacidadegarantida.com.br\\\/site\\\/doc-forte-17889978folog\\\/\"]}]},{\"@type\":\"ImageObject\",\"inLanguage\":\"pt-BR\",\"@id\":\"https:\\\/\\\/privacidadegarantida.com.br\\\/site\\\/doc-forte-17889978folog\\\/#primaryimage\",\"url\":\"https:\\\/\\\/privacidadegarantida.com.br\\\/site\\\/wp-content\\\/uploads\\\/elementor\\\/thumbs\\\/image140-pqgcbd8u4tox2inedsknflv8n3t5a63mlsb1wu1tww-r1avn9r3gi4k10hie3baxg3vqmuxirs1yfws0x5f66.png\",\"contentUrl\":\"https:\\\/\\\/privacidadegarantida.com.br\\\/site\\\/wp-content\\\/uploads\\\/elementor\\\/thumbs\\\/image140-pqgcbd8u4tox2inedsknflv8n3t5a63mlsb1wu1tww-r1avn9r3gi4k10hie3baxg3vqmuxirs1yfws0x5f66.png\"},{\"@type\":\"BreadcrumbList\",\"@id\":\"https:\\\/\\\/privacidadegarantida.com.br\\\/site\\\/doc-forte-17889978folog\\\/#breadcrumb\",\"itemListElement\":[{\"@type\":\"ListItem\",\"position\":1,\"name\":\"Home\",\"item\":\"https:\\\/\\\/privacidadegarantida.com.br\\\/site\\\/\"},{\"@type\":\"ListItem\",\"position\":2,\"name\":\"Doc \u2013 Forte Metal Log\u00edstica \u2013 DECLARA\u00c7\u00c3O\"}]},{\"@type\":\"WebSite\",\"@id\":\"https:\\\/\\\/privacidadegarantida.com.br\\\/site\\\/#website\",\"url\":\"https:\\\/\\\/privacidadegarantida.com.br\\\/site\\\/\",\"name\":\"Privacidade Garantida\",\"description\":\"Consultoria em Prote\u00e7\u00e3o de Dados e Seguran\u00e7a da Informa\u00e7\u00e3o.\",\"publisher\":{\"@id\":\"https:\\\/\\\/privacidadegarantida.com.br\\\/site\\\/#organization\"},\"potentialAction\":[{\"@type\":\"SearchAction\",\"target\":{\"@type\":\"EntryPoint\",\"urlTemplate\":\"https:\\\/\\\/privacidadegarantida.com.br\\\/site\\\/?s={search_term_string}\"},\"query-input\":{\"@type\":\"PropertyValueSpecification\",\"valueRequired\":true,\"valueName\":\"search_term_string\"}}],\"inLanguage\":\"pt-BR\"},{\"@type\":\"Organization\",\"@id\":\"https:\\\/\\\/privacidadegarantida.com.br\\\/site\\\/#organization\",\"name\":\"Privacidade Garantida\",\"url\":\"https:\\\/\\\/privacidadegarantida.com.br\\\/site\\\/\",\"logo\":{\"@type\":\"ImageObject\",\"inLanguage\":\"pt-BR\",\"@id\":\"https:\\\/\\\/privacidadegarantida.com.br\\\/site\\\/#\\\/schema\\\/logo\\\/image\\\/\",\"url\":\"https:\\\/\\\/privacidadegarantida.com.br\\\/site\\\/wp-content\\\/uploads\\\/2022\\\/06\\\/image140-pqgcbd8u4tox2inedsknflv8n3t5a63mlsb1wu1tww.png\",\"contentUrl\":\"https:\\\/\\\/privacidadegarantida.com.br\\\/site\\\/wp-content\\\/uploads\\\/2022\\\/06\\\/image140-pqgcbd8u4tox2inedsknflv8n3t5a63mlsb1wu1tww.png\",\"width\":450,\"height\":184,\"caption\":\"Privacidade Garantida\"},\"image\":{\"@id\":\"https:\\\/\\\/privacidadegarantida.com.br\\\/site\\\/#\\\/schema\\\/logo\\\/image\\\/\"}}]}<\/script>\n<!-- \/ Yoast SEO plugin. -->","yoast_head_json":{"title":"Privacidade Garantida - Prote\u00e7\u00e3o de Dados em conformidade com a LGPD","description":"Privacidade e Prote\u00e7\u00e3o de Dados para sua empresa e seus clientes em conformidade com a LGPD e a ANPD aumentando assim a credibilidade da sua empresa.","robots":{"index":"index","follow":"follow","max-snippet":"max-snippet:-1","max-image-preview":"max-image-preview:large","max-video-preview":"max-video-preview:-1"},"canonical":"https:\/\/privacidadegarantida.com.br\/site\/doc-forte-17889978folog\/","og_locale":"pt_BR","og_type":"article","og_title":"Privacidade Garantida - Prote\u00e7\u00e3o de Dados em conformidade com a LGPD","og_description":"Privacidade e Prote\u00e7\u00e3o de Dados para sua empresa e seus clientes em conformidade com a LGPD e a ANPD aumentando assim a credibilidade da sua empresa.","og_url":"https:\/\/privacidadegarantida.com.br\/site\/doc-forte-17889978folog\/","og_site_name":"Privacidade Garantida","article_modified_time":"2026-04-23T16:09:28+00:00","twitter_card":"summary_large_image","twitter_image":"https:\/\/privacidadegarantida.com.br\/site\/wp-content\/uploads\/2020\/01\/neve-web-design-bg-11.jpg","twitter_misc":{"Est. tempo de leitura":"1 minuto"},"schema":{"@context":"https:\/\/schema.org","@graph":[{"@type":"WebPage","@id":"https:\/\/privacidadegarantida.com.br\/site\/doc-forte-17889978folog\/","url":"https:\/\/privacidadegarantida.com.br\/site\/doc-forte-17889978folog\/","name":"Privacidade Garantida - Prote\u00e7\u00e3o de Dados em conformidade com a LGPD","isPartOf":{"@id":"https:\/\/privacidadegarantida.com.br\/site\/#website"},"primaryImageOfPage":{"@id":"https:\/\/privacidadegarantida.com.br\/site\/doc-forte-17889978folog\/#primaryimage"},"image":{"@id":"https:\/\/privacidadegarantida.com.br\/site\/doc-forte-17889978folog\/#primaryimage"},"thumbnailUrl":"https:\/\/privacidadegarantida.com.br\/site\/wp-content\/uploads\/elementor\/thumbs\/image140-pqgcbd8u4tox2inedsknflv8n3t5a63mlsb1wu1tww-r1avn9r3gi4k10hie3baxg3vqmuxirs1yfws0x5f66.png","datePublished":"2026-04-23T16:08:51+00:00","dateModified":"2026-04-23T16:09:28+00:00","description":"Privacidade e Prote\u00e7\u00e3o de Dados para sua empresa e seus clientes em conformidade com a LGPD e a ANPD aumentando assim a credibilidade da sua empresa.","breadcrumb":{"@id":"https:\/\/privacidadegarantida.com.br\/site\/doc-forte-17889978folog\/#breadcrumb"},"inLanguage":"pt-BR","potentialAction":[{"@type":"ReadAction","target":["https:\/\/privacidadegarantida.com.br\/site\/doc-forte-17889978folog\/"]}]},{"@type":"ImageObject","inLanguage":"pt-BR","@id":"https:\/\/privacidadegarantida.com.br\/site\/doc-forte-17889978folog\/#primaryimage","url":"https:\/\/privacidadegarantida.com.br\/site\/wp-content\/uploads\/elementor\/thumbs\/image140-pqgcbd8u4tox2inedsknflv8n3t5a63mlsb1wu1tww-r1avn9r3gi4k10hie3baxg3vqmuxirs1yfws0x5f66.png","contentUrl":"https:\/\/privacidadegarantida.com.br\/site\/wp-content\/uploads\/elementor\/thumbs\/image140-pqgcbd8u4tox2inedsknflv8n3t5a63mlsb1wu1tww-r1avn9r3gi4k10hie3baxg3vqmuxirs1yfws0x5f66.png"},{"@type":"BreadcrumbList","@id":"https:\/\/privacidadegarantida.com.br\/site\/doc-forte-17889978folog\/#breadcrumb","itemListElement":[{"@type":"ListItem","position":1,"name":"Home","item":"https:\/\/privacidadegarantida.com.br\/site\/"},{"@type":"ListItem","position":2,"name":"Doc \u2013 Forte Metal Log\u00edstica \u2013 DECLARA\u00c7\u00c3O"}]},{"@type":"WebSite","@id":"https:\/\/privacidadegarantida.com.br\/site\/#website","url":"https:\/\/privacidadegarantida.com.br\/site\/","name":"Privacidade Garantida","description":"Consultoria em Prote\u00e7\u00e3o de Dados e Seguran\u00e7a da Informa\u00e7\u00e3o.","publisher":{"@id":"https:\/\/privacidadegarantida.com.br\/site\/#organization"},"potentialAction":[{"@type":"SearchAction","target":{"@type":"EntryPoint","urlTemplate":"https:\/\/privacidadegarantida.com.br\/site\/?s={search_term_string}"},"query-input":{"@type":"PropertyValueSpecification","valueRequired":true,"valueName":"search_term_string"}}],"inLanguage":"pt-BR"},{"@type":"Organization","@id":"https:\/\/privacidadegarantida.com.br\/site\/#organization","name":"Privacidade Garantida","url":"https:\/\/privacidadegarantida.com.br\/site\/","logo":{"@type":"ImageObject","inLanguage":"pt-BR","@id":"https:\/\/privacidadegarantida.com.br\/site\/#\/schema\/logo\/image\/","url":"https:\/\/privacidadegarantida.com.br\/site\/wp-content\/uploads\/2022\/06\/image140-pqgcbd8u4tox2inedsknflv8n3t5a63mlsb1wu1tww.png","contentUrl":"https:\/\/privacidadegarantida.com.br\/site\/wp-content\/uploads\/2022\/06\/image140-pqgcbd8u4tox2inedsknflv8n3t5a63mlsb1wu1tww.png","width":450,"height":184,"caption":"Privacidade Garantida"},"image":{"@id":"https:\/\/privacidadegarantida.com.br\/site\/#\/schema\/logo\/image\/"}}]}},"_links":{"self":[{"href":"https:\/\/privacidadegarantida.com.br\/site\/wp-json\/wp\/v2\/pages\/3015","targetHints":{"allow":["GET"]}}],"collection":[{"href":"https:\/\/privacidadegarantida.com.br\/site\/wp-json\/wp\/v2\/pages"}],"about":[{"href":"https:\/\/privacidadegarantida.com.br\/site\/wp-json\/wp\/v2\/types\/page"}],"author":[{"embeddable":true,"href":"https:\/\/privacidadegarantida.com.br\/site\/wp-json\/wp\/v2\/users\/2"}],"replies":[{"embeddable":true,"href":"https:\/\/privacidadegarantida.com.br\/site\/wp-json\/wp\/v2\/comments?post=3015"}],"version-history":[{"count":4,"href":"https:\/\/privacidadegarantida.com.br\/site\/wp-json\/wp\/v2\/pages\/3015\/revisions"}],"predecessor-version":[{"id":3019,"href":"https:\/\/privacidadegarantida.com.br\/site\/wp-json\/wp\/v2\/pages\/3015\/revisions\/3019"}],"wp:attachment":[{"href":"https:\/\/privacidadegarantida.com.br\/site\/wp-json\/wp\/v2\/media?parent=3015"}],"curies":[{"name":"wp","href":"https:\/\/api.w.org\/{rel}","templated":true}]}}