{"id":2003,"date":"2026-01-28T00:00:17","date_gmt":"2026-01-28T03:00:17","guid":{"rendered":"https:\/\/privacidadegarantida.com.br\/site\/?page_id=2003"},"modified":"2026-01-30T17:30:39","modified_gmt":"2026-01-30T20:30:39","slug":"certificado-parcelaexpress-20121889aakoo","status":"publish","type":"page","link":"https:\/\/privacidadegarantida.com.br\/site\/certificado-parcelaexpress-20121889aakoo\/","title":{"rendered":"Certificado \u2013 Parcela Express \u2013 Vig\u00eancia 2026"},"content":{"rendered":"\t\t<div data-elementor-type=\"wp-page\" data-elementor-id=\"2003\" class=\"elementor elementor-2003\" data-elementor-post-type=\"page\">\n\t\t\t\t\t\t<section class=\"elementor-section elementor-top-section elementor-element elementor-element-a939f13 elementor-section-boxed elementor-section-height-default elementor-section-height-default\" data-id=\"a939f13\" data-element_type=\"section\" data-e-type=\"section\" data-settings=\"{&quot;background_motion_fx_motion_fx_scrolling&quot;:&quot;yes&quot;,&quot;background_motion_fx_translateY_effect&quot;:&quot;yes&quot;,&quot;background_background&quot;:&quot;classic&quot;,&quot;background_motion_fx_translateY_speed&quot;:{&quot;unit&quot;:&quot;px&quot;,&quot;size&quot;:4,&quot;sizes&quot;:[]},&quot;background_motion_fx_translateY_affectedRange&quot;:{&quot;unit&quot;:&quot;%&quot;,&quot;size&quot;:&quot;&quot;,&quot;sizes&quot;:{&quot;start&quot;:0,&quot;end&quot;:100}},&quot;background_motion_fx_devices&quot;:[&quot;desktop&quot;,&quot;laptop&quot;,&quot;tablet&quot;,&quot;mobile&quot;]}\">\n\t\t\t\t\t\t<div class=\"elementor-container elementor-column-gap-default\">\n\t\t\t\t\t<header class=\"elementor-column elementor-col-50 elementor-top-column elementor-element elementor-element-d6447e9\" data-id=\"d6447e9\" data-element_type=\"column\" data-e-type=\"column\">\n\t\t\t<div class=\"elementor-widget-wrap elementor-element-populated\">\n\t\t\t\t\t\t<div class=\"elementor-element elementor-element-5f9ce03 elementor-widget elementor-widget-image\" data-id=\"5f9ce03\" data-element_type=\"widget\" data-e-type=\"widget\" data-widget_type=\"image.default\">\n\t\t\t\t<div class=\"elementor-widget-container\">\n\t\t\t\t\t\t\t\t\t\t\t\t\t\t\t\t<a href=\"https:\/\/privacidadegarantida.com.br\/\">\n\t\t\t\t\t\t\t<img decoding=\"async\" src=\"https:\/\/privacidadegarantida.com.br\/site\/wp-content\/uploads\/elementor\/thumbs\/Logomarca-Priva-Vertical-r1avnj5hlm8lhe9qvrtbc6c5t6q34x29ze93ndjzj4.png\" title=\"Site Principal\" alt=\"Site Principal\" loading=\"lazy\" \/>\t\t\t\t\t\t\t\t<\/a>\n\t\t\t\t\t\t\t\t\t\t\t\t\t\t\t<\/div>\n\t\t\t\t<\/div>\n\t\t\t\t\t<\/div>\n\t\t<\/header>\n\t\t\t\t<header class=\"elementor-column elementor-col-50 elementor-top-column elementor-element elementor-element-93a4c90\" data-id=\"93a4c90\" data-element_type=\"column\" data-e-type=\"column\">\n\t\t\t<div class=\"elementor-widget-wrap elementor-element-populated\">\n\t\t\t\t\t\t<div class=\"elementor-element elementor-element-527f354 elementor-widget elementor-widget-image\" data-id=\"527f354\" data-element_type=\"widget\" data-e-type=\"widget\" data-widget_type=\"image.default\">\n\t\t\t\t<div class=\"elementor-widget-container\">\n\t\t\t\t\t\t\t\t\t\t\t\t\t\t\t<img decoding=\"async\" src=\"https:\/\/privacidadegarantida.com.br\/site\/wp-content\/uploads\/elementor\/thumbs\/Logo-LGPD-check-2-r1avndig7u9pbgc1s4xt7f5q46cedk6zayipy0zw7s.png\" title=\"Logo LGPD check 2\" alt=\"Logo LGPD check 2\" loading=\"lazy\" \/>\t\t\t\t\t\t\t\t\t\t\t\t\t\t\t<\/div>\n\t\t\t\t<\/div>\n\t\t\t\t\t<\/div>\n\t\t<\/header>\n\t\t\t\t\t<\/div>\n\t\t<\/section>\n\t\t\t\t<section class=\"elementor-section elementor-top-section elementor-element elementor-element-803f9fb elementor-section-boxed elementor-section-height-default elementor-section-height-default\" data-id=\"803f9fb\" data-element_type=\"section\" data-e-type=\"section\" data-settings=\"{&quot;background_motion_fx_motion_fx_scrolling&quot;:&quot;yes&quot;,&quot;background_motion_fx_translateY_effect&quot;:&quot;yes&quot;,&quot;background_background&quot;:&quot;classic&quot;,&quot;background_motion_fx_translateY_speed&quot;:{&quot;unit&quot;:&quot;px&quot;,&quot;size&quot;:4,&quot;sizes&quot;:[]},&quot;background_motion_fx_translateY_affectedRange&quot;:{&quot;unit&quot;:&quot;%&quot;,&quot;size&quot;:&quot;&quot;,&quot;sizes&quot;:{&quot;start&quot;:0,&quot;end&quot;:100}},&quot;background_motion_fx_devices&quot;:[&quot;desktop&quot;,&quot;laptop&quot;,&quot;tablet&quot;,&quot;mobile&quot;]}\">\n\t\t\t\t\t\t<div class=\"elementor-container elementor-column-gap-default\">\n\t\t\t\t\t<header class=\"elementor-column elementor-col-100 elementor-top-column elementor-element elementor-element-c2a648b\" data-id=\"c2a648b\" data-element_type=\"column\" data-e-type=\"column\">\n\t\t\t<div class=\"elementor-widget-wrap elementor-element-populated\">\n\t\t\t\t\t\t<div class=\"elementor-element elementor-element-635be8d elementor-widget elementor-widget-text-editor\" data-id=\"635be8d\" data-element_type=\"widget\" data-e-type=\"widget\" data-widget_type=\"text-editor.default\">\n\t\t\t\t<div class=\"elementor-widget-container\">\n\t\t\t\t\t\t\t\t\t<p style=\"text-align: center;\"><span style=\"text-align: left; letter-spacing: -0.36px; font-size: 24px;\"><b><strong>SELO DE CERTIFICA\u00c7\u00c3O LGPD Check<\/strong><\/span><\/b><\/span><\/p>\n<p style=\"text-align: center;\"><b style=\"font-size: 24px; letter-spacing: -0.36px; text-align: left; text-transform: var(--bodytexttransform);\"><b style=\"letter-spacing: -0.36px;\">Organiza\u00e7\u00e3o Certificada: PARCELA EXPRESS SERVI\u00c7OS DIGITAIS S.A.<\/b><\/b><\/p>\t\t\t\t\t\t\t\t<\/div>\n\t\t\t\t<\/div>\n\t\t\t\t<div class=\"elementor-element elementor-element-8658365 elementor-widget elementor-widget-text-editor\" data-id=\"8658365\" data-element_type=\"widget\" data-e-type=\"widget\" data-widget_type=\"text-editor.default\">\n\t\t\t\t<div class=\"elementor-widget-container\">\n\t\t\t\t\t\t\t\t\t<p style=\"text-align: center;\"><span style=\"font-size: 20px; letter-spacing: -0.3px;\">Primeira concess\u00e3o: <span data-teams=\"true\"><span class=\"ui-provider a b c d e f g h i j k l m n o p q r s t u v w x y z ab ac ae af ag ah ai aj ak\" dir=\"ltr\">24\/01\/2023<\/span><\/span><\/span><\/p><p style=\"text-align: center;\"><span style=\"font-size: 20px; letter-spacing: -0.3px;\">Per\u00edodo de Validade Atual: 01\/02\/2026 a 01\/02\/2027<\/span><\/p><p style=\"text-align: center;\"><span style=\"font-size: 20px; letter-spacing: -0.3px;\">C\u00f3digo do Certificado:\u00a020121889aakoo<\/span><\/p>\t\t\t\t\t\t\t\t<\/div>\n\t\t\t\t<\/div>\n\t\t\t\t<div class=\"elementor-element elementor-element-bada4eb elementor-widget elementor-widget-text-editor\" data-id=\"bada4eb\" data-element_type=\"widget\" data-e-type=\"widget\" data-widget_type=\"text-editor.default\">\n\t\t\t\t<div class=\"elementor-widget-container\">\n\t\t\t\t\t\t\t\t\t<p style=\"text-align: center;\"><span style=\"font-size: 20px; letter-spacing: -0.3px;\">A&nbsp;Privacidade Garantida \u00e9 uma empresa do Grupo Vetaluti e em 2021 foi a primeira no Brasil autorizada pelo INPI (Instituto Nacional de Propriedade Intelectual) a certificar em LGPD.<\/span><\/p>\n<p style=\"text-align: center;\"><span style=\"font-size: 20px; letter-spacing: -0.3px;\">Para mais informa\u00e7\u00f5es, visite nosso site:<\/span><\/p>\n<p style=\"text-align: center;\"><strong><a href=\"https:\/\/privacidadegarantida.com.br\/\"><span style=\"font-size: 20px; letter-spacing: -0.3px;\">www.privacidadegarantida.com.br<\/span><\/a><\/strong><\/p>\n<p style=\"text-align: center;\"><span style=\"font-size: 20px; letter-spacing: -0.3px;\">E-mail de contato: <strong>atendimento@privacidadegarantida.com.br<\/strong><\/span><\/p>\n<p style=\"text-align: center;\"><span style=\"font-size: 20px; letter-spacing: -0.3px;\">Data e local de emiss\u00e3o: S\u00e3o Paulo, 28 de janeiro de 2026.<\/span><\/p>\t\t\t\t\t\t\t\t<\/div>\n\t\t\t\t<\/div>\n\t\t\t\t\t<\/div>\n\t\t<\/header>\n\t\t\t\t\t<\/div>\n\t\t<\/section>\n\t\t\t\t<\/div>\n\t\t","protected":false},"excerpt":{"rendered":"<p>SELO DE CERTIFICA\u00c7\u00c3O LGPD Check Organiza\u00e7\u00e3o Certificada: PARCELA EXPRESS SERVI\u00c7OS DIGITAIS S.A. Primeira concess\u00e3o: 24\/01\/2023 Per\u00edodo de Validade Atual: 01\/02\/2026 [&hellip;]<\/p>\n","protected":false},"author":8,"featured_media":0,"parent":0,"menu_order":0,"comment_status":"closed","ping_status":"closed","template":"elementor_canvas","meta":{"site-sidebar-layout":"default","site-content-layout":"","ast-site-content-layout":"default","site-content-style":"default","site-sidebar-style":"default","ast-global-header-display":"","ast-banner-title-visibility":"","ast-main-header-display":"","ast-hfb-above-header-display":"","ast-hfb-below-header-display":"","ast-hfb-mobile-header-display":"","site-post-title":"disabled","ast-breadcrumbs-content":"","ast-featured-img":"","footer-sml-layout":"","ast-disable-related-posts":"","theme-transparent-header-meta":"","adv-header-id-meta":"","stick-header-meta":"","header-above-stick-meta":"","header-main-stick-meta":"","header-below-stick-meta":"","astra-migrate-meta-layouts":"default","ast-page-background-enabled":"default","ast-page-background-meta":{"desktop":{"background-color":"var(--ast-global-color-4)","background-image":"","background-repeat":"repeat","background-position":"center center","background-size":"auto","background-attachment":"scroll","background-type":"","background-media":"","overlay-type":"","overlay-color":"","overlay-opacity":"","overlay-gradient":""},"tablet":{"background-color":"","background-image":"","background-repeat":"repeat","background-position":"center center","background-size":"auto","background-attachment":"scroll","background-type":"","background-media":"","overlay-type":"","overlay-color":"","overlay-opacity":"","overlay-gradient":""},"mobile":{"background-color":"","background-image":"","background-repeat":"repeat","background-position":"center center","background-size":"auto","background-attachment":"scroll","background-type":"","background-media":"","overlay-type":"","overlay-color":"","overlay-opacity":"","overlay-gradient":""}},"ast-content-background-meta":{"desktop":{"background-color":"var(--ast-global-color-5)","background-image":"","background-repeat":"repeat","background-position":"center center","background-size":"auto","background-attachment":"scroll","background-type":"","background-media":"","overlay-type":"","overlay-color":"","overlay-opacity":"","overlay-gradient":""},"tablet":{"background-color":"var(--ast-global-color-5)","background-image":"","background-repeat":"repeat","background-position":"center center","background-size":"auto","background-attachment":"scroll","background-type":"","background-media":"","overlay-type":"","overlay-color":"","overlay-opacity":"","overlay-gradient":""},"mobile":{"background-color":"var(--ast-global-color-5)","background-image":"","background-repeat":"repeat","background-position":"center center","background-size":"auto","background-attachment":"scroll","background-type":"","background-media":"","overlay-type":"","overlay-color":"","overlay-opacity":"","overlay-gradient":""}},"footnotes":""},"class_list":["post-2003","page","type-page","status-publish","hentry"],"yoast_head":"<!-- This site is optimized with the Yoast SEO plugin v27.5 - https:\/\/yoast.com\/product\/yoast-seo-wordpress\/ -->\n<title>Certificado \u2013 Parcela Express \u2013 Vig\u00eancia 2026 - Privacidade Garantida<\/title>\n<meta name=\"robots\" content=\"index, follow, max-snippet:-1, max-image-preview:large, max-video-preview:-1\" \/>\n<link rel=\"canonical\" href=\"https:\/\/privacidadegarantida.com.br\/site\/certificado-parcelaexpress-20121889aakoo\/\" \/>\n<meta property=\"og:locale\" content=\"pt_BR\" \/>\n<meta property=\"og:type\" content=\"article\" \/>\n<meta property=\"og:title\" content=\"Certificado \u2013 Parcela Express \u2013 Vig\u00eancia 2026 - Privacidade Garantida\" \/>\n<meta property=\"og:description\" content=\"SELO DE CERTIFICA\u00c7\u00c3O LGPD Check Organiza\u00e7\u00e3o Certificada: PARCELA EXPRESS SERVI\u00c7OS DIGITAIS S.A. Primeira concess\u00e3o: 24\/01\/2023 Per\u00edodo de Validade Atual: 01\/02\/2026 [&hellip;]\" \/>\n<meta property=\"og:url\" content=\"https:\/\/privacidadegarantida.com.br\/site\/certificado-parcelaexpress-20121889aakoo\/\" \/>\n<meta property=\"og:site_name\" content=\"Privacidade Garantida\" \/>\n<meta property=\"article:modified_time\" content=\"2026-01-30T20:30:39+00:00\" \/>\n<meta property=\"og:image\" content=\"https:\/\/privacidadegarantida.com.br\/site\/wp-content\/uploads\/elementor\/thumbs\/Logomarca-Priva-Vertical-r1avnj5hlm8lhe9qvrtbc6c5t6q34x29ze93ndjzj4.png\" \/>\n<meta name=\"twitter:card\" content=\"summary_large_image\" \/>\n<meta name=\"twitter:label1\" content=\"Est. tempo de leitura\" \/>\n\t<meta name=\"twitter:data1\" content=\"1 minuto\" \/>\n<script type=\"application\/ld+json\" class=\"yoast-schema-graph\">{\"@context\":\"https:\\\/\\\/schema.org\",\"@graph\":[{\"@type\":\"WebPage\",\"@id\":\"https:\\\/\\\/privacidadegarantida.com.br\\\/site\\\/certificado-parcelaexpress-20121889aakoo\\\/\",\"url\":\"https:\\\/\\\/privacidadegarantida.com.br\\\/site\\\/certificado-parcelaexpress-20121889aakoo\\\/\",\"name\":\"Certificado \u2013 Parcela Express \u2013 Vig\u00eancia 2026 - Privacidade Garantida\",\"isPartOf\":{\"@id\":\"https:\\\/\\\/privacidadegarantida.com.br\\\/site\\\/#website\"},\"primaryImageOfPage\":{\"@id\":\"https:\\\/\\\/privacidadegarantida.com.br\\\/site\\\/certificado-parcelaexpress-20121889aakoo\\\/#primaryimage\"},\"image\":{\"@id\":\"https:\\\/\\\/privacidadegarantida.com.br\\\/site\\\/certificado-parcelaexpress-20121889aakoo\\\/#primaryimage\"},\"thumbnailUrl\":\"https:\\\/\\\/privacidadegarantida.com.br\\\/site\\\/wp-content\\\/uploads\\\/elementor\\\/thumbs\\\/Logomarca-Priva-Vertical-r1avnj5hlm8lhe9qvrtbc6c5t6q34x29ze93ndjzj4.png\",\"datePublished\":\"2026-01-28T03:00:17+00:00\",\"dateModified\":\"2026-01-30T20:30:39+00:00\",\"breadcrumb\":{\"@id\":\"https:\\\/\\\/privacidadegarantida.com.br\\\/site\\\/certificado-parcelaexpress-20121889aakoo\\\/#breadcrumb\"},\"inLanguage\":\"pt-BR\",\"potentialAction\":[{\"@type\":\"ReadAction\",\"target\":[\"https:\\\/\\\/privacidadegarantida.com.br\\\/site\\\/certificado-parcelaexpress-20121889aakoo\\\/\"]}]},{\"@type\":\"ImageObject\",\"inLanguage\":\"pt-BR\",\"@id\":\"https:\\\/\\\/privacidadegarantida.com.br\\\/site\\\/certificado-parcelaexpress-20121889aakoo\\\/#primaryimage\",\"url\":\"https:\\\/\\\/privacidadegarantida.com.br\\\/site\\\/wp-content\\\/uploads\\\/elementor\\\/thumbs\\\/Logomarca-Priva-Vertical-r1avnj5hlm8lhe9qvrtbc6c5t6q34x29ze93ndjzj4.png\",\"contentUrl\":\"https:\\\/\\\/privacidadegarantida.com.br\\\/site\\\/wp-content\\\/uploads\\\/elementor\\\/thumbs\\\/Logomarca-Priva-Vertical-r1avnj5hlm8lhe9qvrtbc6c5t6q34x29ze93ndjzj4.png\"},{\"@type\":\"BreadcrumbList\",\"@id\":\"https:\\\/\\\/privacidadegarantida.com.br\\\/site\\\/certificado-parcelaexpress-20121889aakoo\\\/#breadcrumb\",\"itemListElement\":[{\"@type\":\"ListItem\",\"position\":1,\"name\":\"Home\",\"item\":\"https:\\\/\\\/privacidadegarantida.com.br\\\/site\\\/\"},{\"@type\":\"ListItem\",\"position\":2,\"name\":\"Certificado \u2013 Parcela Express \u2013 Vig\u00eancia 2026\"}]},{\"@type\":\"WebSite\",\"@id\":\"https:\\\/\\\/privacidadegarantida.com.br\\\/site\\\/#website\",\"url\":\"https:\\\/\\\/privacidadegarantida.com.br\\\/site\\\/\",\"name\":\"Privacidade Garantida\",\"description\":\"Consultoria em Prote\u00e7\u00e3o de Dados e Seguran\u00e7a da Informa\u00e7\u00e3o.\",\"publisher\":{\"@id\":\"https:\\\/\\\/privacidadegarantida.com.br\\\/site\\\/#organization\"},\"potentialAction\":[{\"@type\":\"SearchAction\",\"target\":{\"@type\":\"EntryPoint\",\"urlTemplate\":\"https:\\\/\\\/privacidadegarantida.com.br\\\/site\\\/?s={search_term_string}\"},\"query-input\":{\"@type\":\"PropertyValueSpecification\",\"valueRequired\":true,\"valueName\":\"search_term_string\"}}],\"inLanguage\":\"pt-BR\"},{\"@type\":\"Organization\",\"@id\":\"https:\\\/\\\/privacidadegarantida.com.br\\\/site\\\/#organization\",\"name\":\"Privacidade Garantida\",\"url\":\"https:\\\/\\\/privacidadegarantida.com.br\\\/site\\\/\",\"logo\":{\"@type\":\"ImageObject\",\"inLanguage\":\"pt-BR\",\"@id\":\"https:\\\/\\\/privacidadegarantida.com.br\\\/site\\\/#\\\/schema\\\/logo\\\/image\\\/\",\"url\":\"https:\\\/\\\/privacidadegarantida.com.br\\\/site\\\/wp-content\\\/uploads\\\/2022\\\/06\\\/image140-pqgcbd8u4tox2inedsknflv8n3t5a63mlsb1wu1tww.png\",\"contentUrl\":\"https:\\\/\\\/privacidadegarantida.com.br\\\/site\\\/wp-content\\\/uploads\\\/2022\\\/06\\\/image140-pqgcbd8u4tox2inedsknflv8n3t5a63mlsb1wu1tww.png\",\"width\":450,\"height\":184,\"caption\":\"Privacidade Garantida\"},\"image\":{\"@id\":\"https:\\\/\\\/privacidadegarantida.com.br\\\/site\\\/#\\\/schema\\\/logo\\\/image\\\/\"}}]}<\/script>\n<!-- \/ Yoast SEO plugin. -->","yoast_head_json":{"title":"Certificado \u2013 Parcela Express \u2013 Vig\u00eancia 2026 - Privacidade Garantida","robots":{"index":"index","follow":"follow","max-snippet":"max-snippet:-1","max-image-preview":"max-image-preview:large","max-video-preview":"max-video-preview:-1"},"canonical":"https:\/\/privacidadegarantida.com.br\/site\/certificado-parcelaexpress-20121889aakoo\/","og_locale":"pt_BR","og_type":"article","og_title":"Certificado \u2013 Parcela Express \u2013 Vig\u00eancia 2026 - Privacidade Garantida","og_description":"SELO DE CERTIFICA\u00c7\u00c3O LGPD Check Organiza\u00e7\u00e3o Certificada: PARCELA EXPRESS SERVI\u00c7OS DIGITAIS S.A. Primeira concess\u00e3o: 24\/01\/2023 Per\u00edodo de Validade Atual: 01\/02\/2026 [&hellip;]","og_url":"https:\/\/privacidadegarantida.com.br\/site\/certificado-parcelaexpress-20121889aakoo\/","og_site_name":"Privacidade Garantida","article_modified_time":"2026-01-30T20:30:39+00:00","og_image":[{"url":"https:\/\/privacidadegarantida.com.br\/site\/wp-content\/uploads\/elementor\/thumbs\/Logomarca-Priva-Vertical-r1avnj5hlm8lhe9qvrtbc6c5t6q34x29ze93ndjzj4.png","type":"","width":"","height":""}],"twitter_card":"summary_large_image","twitter_misc":{"Est. tempo de leitura":"1 minuto"},"schema":{"@context":"https:\/\/schema.org","@graph":[{"@type":"WebPage","@id":"https:\/\/privacidadegarantida.com.br\/site\/certificado-parcelaexpress-20121889aakoo\/","url":"https:\/\/privacidadegarantida.com.br\/site\/certificado-parcelaexpress-20121889aakoo\/","name":"Certificado \u2013 Parcela Express \u2013 Vig\u00eancia 2026 - Privacidade Garantida","isPartOf":{"@id":"https:\/\/privacidadegarantida.com.br\/site\/#website"},"primaryImageOfPage":{"@id":"https:\/\/privacidadegarantida.com.br\/site\/certificado-parcelaexpress-20121889aakoo\/#primaryimage"},"image":{"@id":"https:\/\/privacidadegarantida.com.br\/site\/certificado-parcelaexpress-20121889aakoo\/#primaryimage"},"thumbnailUrl":"https:\/\/privacidadegarantida.com.br\/site\/wp-content\/uploads\/elementor\/thumbs\/Logomarca-Priva-Vertical-r1avnj5hlm8lhe9qvrtbc6c5t6q34x29ze93ndjzj4.png","datePublished":"2026-01-28T03:00:17+00:00","dateModified":"2026-01-30T20:30:39+00:00","breadcrumb":{"@id":"https:\/\/privacidadegarantida.com.br\/site\/certificado-parcelaexpress-20121889aakoo\/#breadcrumb"},"inLanguage":"pt-BR","potentialAction":[{"@type":"ReadAction","target":["https:\/\/privacidadegarantida.com.br\/site\/certificado-parcelaexpress-20121889aakoo\/"]}]},{"@type":"ImageObject","inLanguage":"pt-BR","@id":"https:\/\/privacidadegarantida.com.br\/site\/certificado-parcelaexpress-20121889aakoo\/#primaryimage","url":"https:\/\/privacidadegarantida.com.br\/site\/wp-content\/uploads\/elementor\/thumbs\/Logomarca-Priva-Vertical-r1avnj5hlm8lhe9qvrtbc6c5t6q34x29ze93ndjzj4.png","contentUrl":"https:\/\/privacidadegarantida.com.br\/site\/wp-content\/uploads\/elementor\/thumbs\/Logomarca-Priva-Vertical-r1avnj5hlm8lhe9qvrtbc6c5t6q34x29ze93ndjzj4.png"},{"@type":"BreadcrumbList","@id":"https:\/\/privacidadegarantida.com.br\/site\/certificado-parcelaexpress-20121889aakoo\/#breadcrumb","itemListElement":[{"@type":"ListItem","position":1,"name":"Home","item":"https:\/\/privacidadegarantida.com.br\/site\/"},{"@type":"ListItem","position":2,"name":"Certificado \u2013 Parcela Express \u2013 Vig\u00eancia 2026"}]},{"@type":"WebSite","@id":"https:\/\/privacidadegarantida.com.br\/site\/#website","url":"https:\/\/privacidadegarantida.com.br\/site\/","name":"Privacidade Garantida","description":"Consultoria em Prote\u00e7\u00e3o de Dados e Seguran\u00e7a da Informa\u00e7\u00e3o.","publisher":{"@id":"https:\/\/privacidadegarantida.com.br\/site\/#organization"},"potentialAction":[{"@type":"SearchAction","target":{"@type":"EntryPoint","urlTemplate":"https:\/\/privacidadegarantida.com.br\/site\/?s={search_term_string}"},"query-input":{"@type":"PropertyValueSpecification","valueRequired":true,"valueName":"search_term_string"}}],"inLanguage":"pt-BR"},{"@type":"Organization","@id":"https:\/\/privacidadegarantida.com.br\/site\/#organization","name":"Privacidade Garantida","url":"https:\/\/privacidadegarantida.com.br\/site\/","logo":{"@type":"ImageObject","inLanguage":"pt-BR","@id":"https:\/\/privacidadegarantida.com.br\/site\/#\/schema\/logo\/image\/","url":"https:\/\/privacidadegarantida.com.br\/site\/wp-content\/uploads\/2022\/06\/image140-pqgcbd8u4tox2inedsknflv8n3t5a63mlsb1wu1tww.png","contentUrl":"https:\/\/privacidadegarantida.com.br\/site\/wp-content\/uploads\/2022\/06\/image140-pqgcbd8u4tox2inedsknflv8n3t5a63mlsb1wu1tww.png","width":450,"height":184,"caption":"Privacidade Garantida"},"image":{"@id":"https:\/\/privacidadegarantida.com.br\/site\/#\/schema\/logo\/image\/"}}]}},"_links":{"self":[{"href":"https:\/\/privacidadegarantida.com.br\/site\/wp-json\/wp\/v2\/pages\/2003","targetHints":{"allow":["GET"]}}],"collection":[{"href":"https:\/\/privacidadegarantida.com.br\/site\/wp-json\/wp\/v2\/pages"}],"about":[{"href":"https:\/\/privacidadegarantida.com.br\/site\/wp-json\/wp\/v2\/types\/page"}],"author":[{"embeddable":true,"href":"https:\/\/privacidadegarantida.com.br\/site\/wp-json\/wp\/v2\/users\/8"}],"replies":[{"embeddable":true,"href":"https:\/\/privacidadegarantida.com.br\/site\/wp-json\/wp\/v2\/comments?post=2003"}],"version-history":[{"count":37,"href":"https:\/\/privacidadegarantida.com.br\/site\/wp-json\/wp\/v2\/pages\/2003\/revisions"}],"predecessor-version":[{"id":2889,"href":"https:\/\/privacidadegarantida.com.br\/site\/wp-json\/wp\/v2\/pages\/2003\/revisions\/2889"}],"wp:attachment":[{"href":"https:\/\/privacidadegarantida.com.br\/site\/wp-json\/wp\/v2\/media?parent=2003"}],"curies":[{"name":"wp","href":"https:\/\/api.w.org\/{rel}","templated":true}]}}